{"id":7,"date":"2018-03-19T13:36:59","date_gmt":"2018-03-19T12:36:59","guid":{"rendered":"http:\/\/www.baeckerei-reichau.de\/?page_id=7"},"modified":"2025-11-25T20:26:33","modified_gmt":"2025-11-25T19:26:33","slug":"aktuelles-2","status":"publish","type":"page","link":"https:\/\/www.baeckerei-reichau.de\/","title":{"rendered":"Aktuelles"},"content":{"rendered":"<div class=\"wpb-content-wrapper\"><p>[vc_row][vc_column][vc_single_image image=&#8220;64&#8243; img_size=&#8220;medium&#8220; alignment=&#8220;center&#8220; el_id=&#8220;bretzelbild&#8220;][vc_column_text]<\/p>\n<h1 style=\"text-align: center;\">B\u00e4ckerei Reichau<\/h1>\n<p>[\/vc_column_text][\/vc_column][\/vc_row][vc_row][vc_column width=&#8220;1\/3&#8243;][vc_single_image image=&#8220;415&#8243; img_size=&#8220;full&#8220; alignment=&#8220;center&#8220;][\/vc_column][vc_column width=&#8220;2\/3&#8243;][vc_column_text]<\/p>\n<h3>Willkommen in der B\u00e4ckerei Reichau, dem Familienbetrieb in f\u00fcnfter Generation<\/h3>\n<p>Die B\u00e4ckerei Reichau hat ihren Hauptsitz in Grambin \u2013 und zwar mitten im Ort. Das Traditionsunternehmen blickt auf eine mehr als 130-j\u00e4hrige Geschichte zur\u00fcck. Gef\u00fchrt wird es ab 1. April 2022 von B\u00e4ckermeisterin Nicole Reichau. Ihren Drei-Stufen-Natursauerteig stellt die B\u00e4ckerei immer noch in alt bew\u00e4hrter Handarbeit her. Das sch\u00e4tzen die Kunden seit mehr als einem Jahrhundert.<\/p>\n<p>Insgesamt sieben Filialen in der Uecker-Randow-Region z\u00e4hlen zum Familienunternehmen. Drei davon mit einem Caf\u00e9-Betrieb. Ein Verkaufswagen bringt die Backwaren in die l\u00e4ndlichen Orte der Region. Au\u00dferdem werden t\u00e4glich ein Seniorenheim, das evangelische Diakoniewerk Ducherow sowie der Truppen\u00fcbungsplatz der Bundeswehr in Torgelow beliefert.<\/p>\n<p>Regelm\u00e4\u00dfig pr\u00e4sentiert das Unternehmen auf Messen und Festen ihre Backwaren.[\/vc_column_text][\/vc_column][\/vc_row][vc_row][vc_column][vc_empty_space height=&#8220;50px&#8220;][vc_separator color=&#8220;custom&#8220; accent_color=&#8220;#7f5324&#8243;][vc_column_text]<\/p>\n<h2 style=\"text-align: center;\">Aktuelles bei B\u00e4ckerei Reichau<\/h2>\n<p>[\/vc_column_text][vc_empty_space height=&#8220;30px&#8220;][\/vc_column][\/vc_row][vc_row][vc_column][vc_basic_grid post_type=&#8220;post&#8220; max_items=&#8220;&#8220; style=&#8220;pagination&#8220; items_per_page=&#8220;3&#8243; item=&#8220;none&#8220; css=&#8220;&#8220; grid_id=&#8220;vc_gid:1764098370451-6493ba3d-2509-6&#8243;][\/vc_column][\/vc_row]<\/p>\n<\/div>","protected":false},"excerpt":{"rendered":"<p>[vc_row][vc_column][vc_single_image image=&#8220;64&#8243; img_size=&#8220;medium&#8220; alignment=&#8220;center&#8220; el_id=&#8220;bretzelbild&#8220;][vc_column_text] B\u00e4ckerei Reichau [\/vc_column_text][\/vc_column][\/vc_row][vc_row][vc_column width=&#8220;1\/3&#8243;][vc_single_image image=&#8220;415&#8243; img_size=&#8220;full&#8220; alignment=&#8220;center&#8220;][\/vc_column][vc_column width=&#8220;2\/3&#8243;][vc_column_text] Willkommen in der B\u00e4ckerei Reichau, dem Familienbetrieb&#8230;<\/p>\n","protected":false},"author":1,"featured_media":0,"parent":0,"menu_order":0,"comment_status":"closed","ping_status":"closed","template":"","meta":{"footnotes":""},"class_list":["post-7","page","type-page","status-publish"],"yoast_head":"<!-- This site is optimized with the Yoast SEO plugin v27.4 - https:\/\/yoast.com\/product\/yoast-seo-wordpress\/ -->\n<title>Aktuelles - B\u00e4ckerei Reichau<\/title>\n<meta name=\"robots\" content=\"index, follow, max-snippet:-1, max-image-preview:large, max-video-preview:-1\" \/>\n<link rel=\"canonical\" href=\"https:\/\/www.baeckerei-reichau.de\/\" \/>\n<meta property=\"og:locale\" content=\"de_DE\" \/>\n<meta property=\"og:type\" content=\"article\" \/>\n<meta property=\"og:title\" content=\"Aktuelles - B\u00e4ckerei Reichau\" \/>\n<meta property=\"og:description\" content=\"[vc_row][vc_column][vc_single_image image=&#8220;64&#8243; img_size=&#8220;medium&#8220; alignment=&#8220;center&#8220; el_id=&#8220;bretzelbild&#8220;][vc_column_text] B\u00e4ckerei Reichau [\/vc_column_text][\/vc_column][\/vc_row][vc_row][vc_column width=&#8220;1\/3&#8243;][vc_single_image image=&#8220;415&#8243; img_size=&#8220;full&#8220; alignment=&#8220;center&#8220;][\/vc_column][vc_column width=&#8220;2\/3&#8243;][vc_column_text] Willkommen in der B\u00e4ckerei Reichau, dem Familienbetrieb...\" \/>\n<meta property=\"og:url\" content=\"https:\/\/www.baeckerei-reichau.de\/\" \/>\n<meta property=\"og:site_name\" content=\"B\u00e4ckerei Reichau\" \/>\n<meta property=\"article:modified_time\" content=\"2025-11-25T19:26:33+00:00\" \/>\n<meta name=\"twitter:card\" content=\"summary_large_image\" \/>\n<meta name=\"twitter:label1\" content=\"Gesch\u00e4tzte Lesezeit\" \/>\n\t<meta name=\"twitter:data1\" content=\"1\u00a0Minute\" \/>\n<script type=\"application\/ld+json\" class=\"yoast-schema-graph\">{\"@context\":\"https:\\\/\\\/schema.org\",\"@graph\":[{\"@type\":\"WebPage\",\"@id\":\"https:\\\/\\\/www.baeckerei-reichau.de\\\/\",\"url\":\"https:\\\/\\\/www.baeckerei-reichau.de\\\/\",\"name\":\"Aktuelles - B\u00e4ckerei Reichau\",\"isPartOf\":{\"@id\":\"https:\\\/\\\/www.baeckerei-reichau.de\\\/#website\"},\"datePublished\":\"2018-03-19T12:36:59+00:00\",\"dateModified\":\"2025-11-25T19:26:33+00:00\",\"breadcrumb\":{\"@id\":\"https:\\\/\\\/www.baeckerei-reichau.de\\\/#breadcrumb\"},\"inLanguage\":\"de\",\"potentialAction\":[{\"@type\":\"ReadAction\",\"target\":[\"https:\\\/\\\/www.baeckerei-reichau.de\\\/\"]}]},{\"@type\":\"BreadcrumbList\",\"@id\":\"https:\\\/\\\/www.baeckerei-reichau.de\\\/#breadcrumb\",\"itemListElement\":[{\"@type\":\"ListItem\",\"position\":1,\"name\":\"Startseite\",\"item\":\"https:\\\/\\\/www.baeckerei-reichau.de\\\/\"},{\"@type\":\"ListItem\",\"position\":2,\"name\":\"Aktuelles\"}]},{\"@type\":\"WebSite\",\"@id\":\"https:\\\/\\\/www.baeckerei-reichau.de\\\/#website\",\"url\":\"https:\\\/\\\/www.baeckerei-reichau.de\\\/\",\"name\":\"B\u00e4ckerei Reichau\",\"description\":\"\",\"publisher\":{\"@id\":\"https:\\\/\\\/www.baeckerei-reichau.de\\\/#organization\"},\"potentialAction\":[{\"@type\":\"SearchAction\",\"target\":{\"@type\":\"EntryPoint\",\"urlTemplate\":\"https:\\\/\\\/www.baeckerei-reichau.de\\\/?s={search_term_string}\"},\"query-input\":{\"@type\":\"PropertyValueSpecification\",\"valueRequired\":true,\"valueName\":\"search_term_string\"}}],\"inLanguage\":\"de\"},{\"@type\":\"Organization\",\"@id\":\"https:\\\/\\\/www.baeckerei-reichau.de\\\/#organization\",\"name\":\"B\u00e4ckerei Reichau\",\"url\":\"https:\\\/\\\/www.baeckerei-reichau.de\\\/\",\"logo\":{\"@type\":\"ImageObject\",\"inLanguage\":\"de\",\"@id\":\"https:\\\/\\\/www.baeckerei-reichau.de\\\/#\\\/schema\\\/logo\\\/image\\\/\",\"url\":\"https:\\\/\\\/www.baeckerei-reichau.de\\\/wp-content\\\/uploads\\\/2022\\\/08\\\/cropped-reichau_brezel-200x200-1.jpg\",\"contentUrl\":\"https:\\\/\\\/www.baeckerei-reichau.de\\\/wp-content\\\/uploads\\\/2022\\\/08\\\/cropped-reichau_brezel-200x200-1.jpg\",\"width\":512,\"height\":512,\"caption\":\"B\u00e4ckerei Reichau\"},\"image\":{\"@id\":\"https:\\\/\\\/www.baeckerei-reichau.de\\\/#\\\/schema\\\/logo\\\/image\\\/\"}}]}<\/script>\n<!-- \/ Yoast SEO plugin. -->","yoast_head_json":{"title":"Aktuelles - B\u00e4ckerei Reichau","robots":{"index":"index","follow":"follow","max-snippet":"max-snippet:-1","max-image-preview":"max-image-preview:large","max-video-preview":"max-video-preview:-1"},"canonical":"https:\/\/www.baeckerei-reichau.de\/","og_locale":"de_DE","og_type":"article","og_title":"Aktuelles - B\u00e4ckerei Reichau","og_description":"[vc_row][vc_column][vc_single_image image=&#8220;64&#8243; img_size=&#8220;medium&#8220; alignment=&#8220;center&#8220; el_id=&#8220;bretzelbild&#8220;][vc_column_text] B\u00e4ckerei Reichau [\/vc_column_text][\/vc_column][\/vc_row][vc_row][vc_column width=&#8220;1\/3&#8243;][vc_single_image image=&#8220;415&#8243; img_size=&#8220;full&#8220; alignment=&#8220;center&#8220;][\/vc_column][vc_column width=&#8220;2\/3&#8243;][vc_column_text] Willkommen in der B\u00e4ckerei Reichau, dem Familienbetrieb...","og_url":"https:\/\/www.baeckerei-reichau.de\/","og_site_name":"B\u00e4ckerei Reichau","article_modified_time":"2025-11-25T19:26:33+00:00","twitter_card":"summary_large_image","twitter_misc":{"Gesch\u00e4tzte Lesezeit":"1\u00a0Minute"},"schema":{"@context":"https:\/\/schema.org","@graph":[{"@type":"WebPage","@id":"https:\/\/www.baeckerei-reichau.de\/","url":"https:\/\/www.baeckerei-reichau.de\/","name":"Aktuelles - B\u00e4ckerei Reichau","isPartOf":{"@id":"https:\/\/www.baeckerei-reichau.de\/#website"},"datePublished":"2018-03-19T12:36:59+00:00","dateModified":"2025-11-25T19:26:33+00:00","breadcrumb":{"@id":"https:\/\/www.baeckerei-reichau.de\/#breadcrumb"},"inLanguage":"de","potentialAction":[{"@type":"ReadAction","target":["https:\/\/www.baeckerei-reichau.de\/"]}]},{"@type":"BreadcrumbList","@id":"https:\/\/www.baeckerei-reichau.de\/#breadcrumb","itemListElement":[{"@type":"ListItem","position":1,"name":"Startseite","item":"https:\/\/www.baeckerei-reichau.de\/"},{"@type":"ListItem","position":2,"name":"Aktuelles"}]},{"@type":"WebSite","@id":"https:\/\/www.baeckerei-reichau.de\/#website","url":"https:\/\/www.baeckerei-reichau.de\/","name":"B\u00e4ckerei Reichau","description":"","publisher":{"@id":"https:\/\/www.baeckerei-reichau.de\/#organization"},"potentialAction":[{"@type":"SearchAction","target":{"@type":"EntryPoint","urlTemplate":"https:\/\/www.baeckerei-reichau.de\/?s={search_term_string}"},"query-input":{"@type":"PropertyValueSpecification","valueRequired":true,"valueName":"search_term_string"}}],"inLanguage":"de"},{"@type":"Organization","@id":"https:\/\/www.baeckerei-reichau.de\/#organization","name":"B\u00e4ckerei Reichau","url":"https:\/\/www.baeckerei-reichau.de\/","logo":{"@type":"ImageObject","inLanguage":"de","@id":"https:\/\/www.baeckerei-reichau.de\/#\/schema\/logo\/image\/","url":"https:\/\/www.baeckerei-reichau.de\/wp-content\/uploads\/2022\/08\/cropped-reichau_brezel-200x200-1.jpg","contentUrl":"https:\/\/www.baeckerei-reichau.de\/wp-content\/uploads\/2022\/08\/cropped-reichau_brezel-200x200-1.jpg","width":512,"height":512,"caption":"B\u00e4ckerei Reichau"},"image":{"@id":"https:\/\/www.baeckerei-reichau.de\/#\/schema\/logo\/image\/"}}]}},"_links":{"self":[{"href":"https:\/\/www.baeckerei-reichau.de\/index.php\/wp-json\/wp\/v2\/pages\/7","targetHints":{"allow":["GET"]}}],"collection":[{"href":"https:\/\/www.baeckerei-reichau.de\/index.php\/wp-json\/wp\/v2\/pages"}],"about":[{"href":"https:\/\/www.baeckerei-reichau.de\/index.php\/wp-json\/wp\/v2\/types\/page"}],"author":[{"embeddable":true,"href":"https:\/\/www.baeckerei-reichau.de\/index.php\/wp-json\/wp\/v2\/users\/1"}],"replies":[{"embeddable":true,"href":"https:\/\/www.baeckerei-reichau.de\/index.php\/wp-json\/wp\/v2\/comments?post=7"}],"version-history":[{"count":8,"href":"https:\/\/www.baeckerei-reichau.de\/index.php\/wp-json\/wp\/v2\/pages\/7\/revisions"}],"predecessor-version":[{"id":608,"href":"https:\/\/www.baeckerei-reichau.de\/index.php\/wp-json\/wp\/v2\/pages\/7\/revisions\/608"}],"wp:attachment":[{"href":"https:\/\/www.baeckerei-reichau.de\/index.php\/wp-json\/wp\/v2\/media?parent=7"}],"curies":[{"name":"wp","href":"https:\/\/api.w.org\/{rel}","templated":true}]}}