{"id":68,"date":"2018-03-21T13:29:36","date_gmt":"2018-03-21T12:29:36","guid":{"rendered":"http:\/\/www.baeckerei-reichau.de\/?page_id=68"},"modified":"2022-10-20T17:42:34","modified_gmt":"2022-10-20T15:42:34","slug":"broetchen","status":"publish","type":"page","link":"https:\/\/www.baeckerei-reichau.de\/index.php\/produkte\/broetchen","title":{"rendered":"Br\u00f6tchen"},"content":{"rendered":"<div class=\"wpb-content-wrapper\"><p>[vc_row][vc_column][vc_column_text]<\/p>\n<h1 style=\"text-align: center;\">Br\u00f6tchen<\/h1>\n<p>[\/vc_column_text][\/vc_column][\/vc_row][vc_row][vc_column width=&#8220;1\/3&#8243;][vc_column_text]<\/p>\n<h3 style=\"text-align: center;\">Dinkelbaguette<\/h3>\n<p>[\/vc_column_text][vc_single_image image=&#8220;181&#8243; img_size=&#8220;full&#8220; alignment=&#8220;center&#8220;][vc_tta_accordion][vc_tta_section title=&#8220;Inhaltsstoffe&#8220; tab_id=&#8220;1666279553813-16940806-c2b2&#8243;][vc_column_text]Dinkelmehl (90%), Dinkelvollkornmehl (10%), Sonnenblumenkerne, Hefe, Wasser, Salz<\/p>\n<p><strong>Allergene<\/strong>: Dinkel-Gluten[\/vc_column_text][\/vc_tta_section][\/vc_tta_accordion][\/vc_column][vc_column width=&#8220;1\/3&#8243;][vc_column_text]<\/p>\n<h3 style=\"text-align: center;\">Doppeltes<\/h3>\n<p>[\/vc_column_text][vc_single_image image=&#8220;182&#8243; img_size=&#8220;full&#8220; alignment=&#8220;center&#8220;][vc_tta_accordion][vc_tta_section title=&#8220;Inhaltsstoffe&#8220; tab_id=&#8220;1666279697859-7605be5a-dd2c&#8220;][vc_column_text]Weizenmehl (100%), Hefe, Wasser, Fett, Salz<\/p>\n<p><strong>Allergene<\/strong>: Weizen-Gluten[\/vc_column_text][\/vc_tta_section][\/vc_tta_accordion][\/vc_column][vc_column width=&#8220;1\/3&#8243;][vc_column_text]<\/p>\n<h3 style=\"text-align: center;\">Urkrusti<\/h3>\n<p>[\/vc_column_text][vc_single_image image=&#8220;183&#8243; img_size=&#8220;full&#8220; alignment=&#8220;center&#8220;][vc_tta_accordion][vc_tta_section title=&#8220;Inhaltsstoffe&#8220; tab_id=&#8220;1666279755791-7361ad1f-c1b7&#8243;][vc_column_text]Urweizen (100%), Hefe, Wasser, Salz<\/p>\n<p><strong>Allergene<\/strong>: Weizen-Gluten des Urweizens[\/vc_column_text][\/vc_tta_section][\/vc_tta_accordion][\/vc_column][\/vc_row][vc_row][vc_column][vc_separator color=&#8220;custom&#8220; accent_color=&#8220;#7f5324&#8243;][\/vc_column][\/vc_row][vc_row][vc_column width=&#8220;1\/3&#8243;][vc_column_text]<\/p>\n<h3 style=\"text-align: center;\">Baguettebr\u00f6tchen<\/h3>\n<p>[\/vc_column_text][vc_single_image image=&#8220;185&#8243; img_size=&#8220;full&#8220; alignment=&#8220;center&#8220;][vc_tta_accordion][vc_tta_section title=&#8220;Inhaltsstoffe&#8220; tab_id=&#8220;1666279806593-9a22c143-7849&#8243;][vc_column_text][\/vc_column_text][\/vc_tta_section][\/vc_tta_accordion][\/vc_column][vc_column width=&#8220;1\/3&#8243;][vc_column_text]<\/p>\n<h3 style=\"text-align: center;\">Dinkelbr\u00f6tchen<\/h3>\n<p>[\/vc_column_text][vc_single_image image=&#8220;186&#8243; img_size=&#8220;full&#8220; alignment=&#8220;center&#8220;][vc_tta_accordion][vc_tta_section title=&#8220;Inhaltsstoffe&#8220; tab_id=&#8220;1666279820344-348c1142-0b32&#8243;][vc_column_text]Dinkelmehl (90%), Dinkelvollkornmehl (10%), Sonnenblumenkerne, Hefe, Wasser, Salz<\/p>\n<p><strong>Allergene<\/strong>: Dinkel-Gluten[\/vc_column_text][\/vc_tta_section][\/vc_tta_accordion][\/vc_column][vc_column width=&#8220;1\/3&#8243;][vc_column_text]<\/p>\n<h3 style=\"text-align: center;\">Einfaches Br\u00f6tchen<\/h3>\n<p>[\/vc_column_text][vc_single_image image=&#8220;187&#8243; img_size=&#8220;full&#8220; alignment=&#8220;center&#8220;][vc_tta_accordion][vc_tta_section title=&#8220;Inhaltsstoffe&#8220; tab_id=&#8220;1666279829118-a477f372-b146&#8243;][vc_column_text]Weizenmehl (100%), Hefe, Wasser, Fett, Salz<\/p>\n<p><strong>Allergene<\/strong>: Weizen-Gluten[\/vc_column_text][\/vc_tta_section][\/vc_tta_accordion][\/vc_column][\/vc_row][vc_row][vc_column][vc_separator color=&#8220;custom&#8220; accent_color=&#8220;#7f5324&#8243;][\/vc_column][\/vc_row][vc_row][vc_column width=&#8220;1\/3&#8243;][vc_column_text]<\/p>\n<h3 style=\"text-align: center;\">K\u00e4sebr\u00f6tchen<\/h3>\n<p>[\/vc_column_text][vc_single_image image=&#8220;188&#8243; img_size=&#8220;full&#8220; alignment=&#8220;center&#8220;][vc_tta_accordion][vc_tta_section title=&#8220;Inhaltsstoffe&#8220; tab_id=&#8220;1666279981614-904b8eec-dbc7&#8243;][vc_column_text]Weizenmehl (100%), Kartoffelflocken, Gouda, Hefe, Wasser, Fett, Salz<\/p>\n<p><strong>Allergene<\/strong>: Weizen-Gluten[\/vc_column_text][\/vc_tta_section][\/vc_tta_accordion][\/vc_column][vc_column width=&#8220;1\/3&#8243;][vc_column_text]<\/p>\n<h3 style=\"text-align: center;\">Kaiserbr\u00f6tchen<\/h3>\n<p>[\/vc_column_text][vc_single_image image=&#8220;189&#8243; img_size=&#8220;full&#8220; alignment=&#8220;center&#8220;][vc_tta_accordion][vc_tta_section title=&#8220;Inhaltsstoffe&#8220; tab_id=&#8220;1666279991939-99f39d93-1b55&#8243;][vc_column_text]Weizenmehl (100%), Hefe, Wasser, Fett, Salz<\/p>\n<p><strong>Allergene<\/strong>: Weizen-Gluten[\/vc_column_text][\/vc_tta_section][\/vc_tta_accordion][\/vc_column][vc_column width=&#8220;1\/3&#8243;][vc_column_text]<\/p>\n<h3 style=\"text-align: center;\">Kornkr\u00fcstchen<\/h3>\n<p>[\/vc_column_text][vc_single_image image=&#8220;190&#8243; img_size=&#8220;full&#8220; alignment=&#8220;center&#8220;][vc_tta_accordion][vc_tta_section title=&#8220;Inhaltsstoffe&#8220; tab_id=&#8220;1666280001793-9ce6e4c6-9087&#8243;][vc_column_text]Weizenmehl (100%), Sesam, Leinsaat, Sonnenblumenkerne, Brotgew\u00fcrz, Gerstenmalz, Hefe, Wasser, Fett, Salz<\/p>\n<p><strong>Allergene<\/strong>: Weizen-Gluten, Sesam[\/vc_column_text][\/vc_tta_section][\/vc_tta_accordion][\/vc_column][\/vc_row][vc_row][vc_column][vc_separator color=&#8220;custom&#8220; accent_color=&#8220;#7f5324&#8243;][\/vc_column][\/vc_row][vc_row][vc_column width=&#8220;1\/3&#8243;][vc_column_text]<\/p>\n<h3 style=\"text-align: center;\">Milchbr\u00f6tchen<\/h3>\n<p>[\/vc_column_text][vc_single_image image=&#8220;191&#8243; img_size=&#8220;full&#8220; alignment=&#8220;center&#8220;][vc_tta_accordion][vc_tta_section title=&#8220;Inhaltsstoffe&#8220; tab_id=&#8220;1666280156386-93a0ddfc-1a87&#8243;][vc_column_text]Weizenmehl (100%), Hefe, Wasser, Milch, Fett, Salz, Zucker<\/p>\n<p><strong>Allergene<\/strong>: Weizen-Gluten, Milch[\/vc_column_text][\/vc_tta_section][\/vc_tta_accordion][\/vc_column][vc_column width=&#8220;1\/3&#8243;][vc_column_text]<\/p>\n<h3 style=\"text-align: center;\">Mohnbr\u00f6tchen<\/h3>\n<p>[\/vc_column_text][vc_single_image image=&#8220;192&#8243; img_size=&#8220;full&#8220; alignment=&#8220;center&#8220;][vc_tta_accordion][vc_tta_section title=&#8220;Inhaltsstoffe&#8220; tab_id=&#8220;1666280165620-5fc288f5-e2d6&#8243;][vc_column_text]Weizenmehl (95%), Andere Roggenmahlerzeugnisse (5%), Mohn, Kartoffelflocken, Hefe, Wasser, Fett, Salz<\/p>\n<p><strong>Allergene<\/strong>: Weizen-Gluten[\/vc_column_text][\/vc_tta_section][\/vc_tta_accordion][\/vc_column][vc_column width=&#8220;1\/3&#8243;][vc_column_text]<\/p>\n<h3 style=\"text-align: center;\">Mohnh\u00f6rnchen<\/h3>\n<p>[\/vc_column_text][vc_single_image image=&#8220;193&#8243; img_size=&#8220;full&#8220; alignment=&#8220;center&#8220;][vc_tta_accordion][vc_tta_section title=&#8220;Inhaltsstoffe&#8220; tab_id=&#8220;1666280174661-e16cc866-d58e&#8220;][vc_column_text]Weizenmehl (95%), Andere Roggenmahlerzeugnisse (5%), Mohn, Kartoffelflocken, Hefe, Wasser, Fett, Salz<\/p>\n<p><strong>Allergene<\/strong>: Weizen-Gluten[\/vc_column_text][\/vc_tta_section][\/vc_tta_accordion][\/vc_column][\/vc_row][vc_row][vc_column][vc_separator color=&#8220;custom&#8220; accent_color=&#8220;#7f5324&#8243;][\/vc_column][\/vc_row][vc_row][vc_column width=&#8220;1\/3&#8243;][vc_column_text]<\/p>\n<h3 style=\"text-align: center;\">Roggenbr\u00f6tchen<\/h3>\n<p>[\/vc_column_text][vc_single_image image=&#8220;194&#8243; img_size=&#8220;full&#8220; alignment=&#8220;center&#8220;][vc_tta_accordion][vc_tta_section title=&#8220;Inhaltsstoffe&#8220; tab_id=&#8220;1666280364291-8de8adaf-04c0&#8243;][vc_column_text]Weizenmehl (50%), Roggenmehl (50%), Gerstenmalz, Hefe, Sauerteig, Wasser, Fett, Salz<\/p>\n<p><strong>Allergene<\/strong>: Weizen-Gluten \/ Roggen-Gluten[\/vc_column_text][\/vc_tta_section][\/vc_tta_accordion][\/vc_column][vc_column width=&#8220;1\/3&#8243;][vc_column_text]<\/p>\n<h3 style=\"text-align: center;\">Salzbr\u00f6tchen<\/h3>\n<p>[\/vc_column_text][vc_single_image image=&#8220;195&#8243; img_size=&#8220;full&#8220; alignment=&#8220;center&#8220;][vc_tta_accordion][vc_tta_section title=&#8220;Inhaltsstoffe&#8220; tab_id=&#8220;1666280374880-5c93b386-eeb7&#8243;][vc_column_text][\/vc_column_text][\/vc_tta_section][\/vc_tta_accordion][\/vc_column][vc_column width=&#8220;1\/3&#8243;][vc_column_text]<\/p>\n<h3 style=\"text-align: center;\">Grambiner Kernbei\u00dfer<\/h3>\n<p>[\/vc_column_text][vc_single_image image=&#8220;196&#8243; img_size=&#8220;full&#8220; alignment=&#8220;center&#8220;][vc_tta_accordion][vc_tta_section title=&#8220;Inhaltsstoffe&#8220; tab_id=&#8220;1666280384744-79137871-478c&#8220;][vc_column_text]Weizenmehl (100%), Sesam, Leinsaat, Sonnenblumenkerne, Brotgew\u00fcrz, Gerstenmalz, Hefe, Wasser, Fett, Salz<\/p>\n<p><strong>Allergene<\/strong>: Weizen-Gluten \/ Sesam[\/vc_column_text][\/vc_tta_section][\/vc_tta_accordion][\/vc_column][\/vc_row]<\/p>\n<\/div>","protected":false},"excerpt":{"rendered":"<p>[vc_row][vc_column][vc_column_text] Br\u00f6tchen [\/vc_column_text][\/vc_column][\/vc_row][vc_row][vc_column width=&#8220;1\/3&#8243;][vc_column_text] Dinkelbaguette [\/vc_column_text][vc_single_image image=&#8220;181&#8243; img_size=&#8220;full&#8220; alignment=&#8220;center&#8220;][vc_tta_accordion][vc_tta_section title=&#8220;Inhaltsstoffe&#8220; tab_id=&#8220;1666279553813-16940806-c2b2&#8243;][vc_column_text]Dinkelmehl (90%), Dinkelvollkornmehl (10%), Sonnenblumenkerne, Hefe, Wasser, Salz Allergene: Dinkel-Gluten[\/vc_column_text][\/vc_tta_section][\/vc_tta_accordion][\/vc_column][vc_column&#8230;<\/p>\n","protected":false},"author":1,"featured_media":0,"parent":30,"menu_order":0,"comment_status":"closed","ping_status":"closed","template":"","meta":{"footnotes":""},"class_list":["post-68","page","type-page","status-publish"],"yoast_head":"<!-- This site is optimized with the Yoast SEO plugin v27.4 - https:\/\/yoast.com\/product\/yoast-seo-wordpress\/ -->\n<title>Br\u00f6tchen - B\u00e4ckerei Reichau<\/title>\n<meta name=\"robots\" content=\"index, follow, max-snippet:-1, max-image-preview:large, max-video-preview:-1\" \/>\n<link rel=\"canonical\" href=\"https:\/\/www.baeckerei-reichau.de\/index.php\/produkte\/broetchen\" \/>\n<meta property=\"og:locale\" content=\"de_DE\" \/>\n<meta property=\"og:type\" content=\"article\" \/>\n<meta property=\"og:title\" content=\"Br\u00f6tchen - B\u00e4ckerei Reichau\" \/>\n<meta property=\"og:description\" content=\"[vc_row][vc_column][vc_column_text] Br\u00f6tchen [\/vc_column_text][\/vc_column][\/vc_row][vc_row][vc_column width=&#8220;1\/3&#8243;][vc_column_text] Dinkelbaguette [\/vc_column_text][vc_single_image image=&#8220;181&#8243; img_size=&#8220;full&#8220; alignment=&#8220;center&#8220;][vc_tta_accordion][vc_tta_section title=&#8220;Inhaltsstoffe&#8220; tab_id=&#8220;1666279553813-16940806-c2b2&#8243;][vc_column_text]Dinkelmehl (90%), Dinkelvollkornmehl (10%), Sonnenblumenkerne, Hefe, Wasser, Salz Allergene: Dinkel-Gluten[\/vc_column_text][\/vc_tta_section][\/vc_tta_accordion][\/vc_column][vc_column...\" \/>\n<meta property=\"og:url\" content=\"https:\/\/www.baeckerei-reichau.de\/index.php\/produkte\/broetchen\" \/>\n<meta property=\"og:site_name\" content=\"B\u00e4ckerei Reichau\" \/>\n<meta property=\"article:modified_time\" content=\"2022-10-20T15:42:34+00:00\" \/>\n<meta name=\"twitter:card\" content=\"summary_large_image\" \/>\n<meta name=\"twitter:label1\" content=\"Gesch\u00e4tzte Lesezeit\" \/>\n\t<meta name=\"twitter:data1\" content=\"5\u00a0Minuten\" \/>\n<script type=\"application\/ld+json\" class=\"yoast-schema-graph\">{\"@context\":\"https:\\\/\\\/schema.org\",\"@graph\":[{\"@type\":\"WebPage\",\"@id\":\"https:\\\/\\\/www.baeckerei-reichau.de\\\/index.php\\\/produkte\\\/broetchen\",\"url\":\"https:\\\/\\\/www.baeckerei-reichau.de\\\/index.php\\\/produkte\\\/broetchen\",\"name\":\"Br\u00f6tchen - B\u00e4ckerei Reichau\",\"isPartOf\":{\"@id\":\"https:\\\/\\\/www.baeckerei-reichau.de\\\/#website\"},\"datePublished\":\"2018-03-21T12:29:36+00:00\",\"dateModified\":\"2022-10-20T15:42:34+00:00\",\"breadcrumb\":{\"@id\":\"https:\\\/\\\/www.baeckerei-reichau.de\\\/index.php\\\/produkte\\\/broetchen#breadcrumb\"},\"inLanguage\":\"de\",\"potentialAction\":[{\"@type\":\"ReadAction\",\"target\":[\"https:\\\/\\\/www.baeckerei-reichau.de\\\/index.php\\\/produkte\\\/broetchen\"]}]},{\"@type\":\"BreadcrumbList\",\"@id\":\"https:\\\/\\\/www.baeckerei-reichau.de\\\/index.php\\\/produkte\\\/broetchen#breadcrumb\",\"itemListElement\":[{\"@type\":\"ListItem\",\"position\":1,\"name\":\"Startseite\",\"item\":\"https:\\\/\\\/www.baeckerei-reichau.de\\\/\"},{\"@type\":\"ListItem\",\"position\":2,\"name\":\"Produkte\",\"item\":\"https:\\\/\\\/www.baeckerei-reichau.de\\\/index.php\\\/produkte\"},{\"@type\":\"ListItem\",\"position\":3,\"name\":\"Br\u00f6tchen\"}]},{\"@type\":\"WebSite\",\"@id\":\"https:\\\/\\\/www.baeckerei-reichau.de\\\/#website\",\"url\":\"https:\\\/\\\/www.baeckerei-reichau.de\\\/\",\"name\":\"B\u00e4ckerei Reichau\",\"description\":\"\",\"publisher\":{\"@id\":\"https:\\\/\\\/www.baeckerei-reichau.de\\\/#organization\"},\"potentialAction\":[{\"@type\":\"SearchAction\",\"target\":{\"@type\":\"EntryPoint\",\"urlTemplate\":\"https:\\\/\\\/www.baeckerei-reichau.de\\\/?s={search_term_string}\"},\"query-input\":{\"@type\":\"PropertyValueSpecification\",\"valueRequired\":true,\"valueName\":\"search_term_string\"}}],\"inLanguage\":\"de\"},{\"@type\":\"Organization\",\"@id\":\"https:\\\/\\\/www.baeckerei-reichau.de\\\/#organization\",\"name\":\"B\u00e4ckerei Reichau\",\"url\":\"https:\\\/\\\/www.baeckerei-reichau.de\\\/\",\"logo\":{\"@type\":\"ImageObject\",\"inLanguage\":\"de\",\"@id\":\"https:\\\/\\\/www.baeckerei-reichau.de\\\/#\\\/schema\\\/logo\\\/image\\\/\",\"url\":\"https:\\\/\\\/www.baeckerei-reichau.de\\\/wp-content\\\/uploads\\\/2022\\\/08\\\/cropped-reichau_brezel-200x200-1.jpg\",\"contentUrl\":\"https:\\\/\\\/www.baeckerei-reichau.de\\\/wp-content\\\/uploads\\\/2022\\\/08\\\/cropped-reichau_brezel-200x200-1.jpg\",\"width\":512,\"height\":512,\"caption\":\"B\u00e4ckerei Reichau\"},\"image\":{\"@id\":\"https:\\\/\\\/www.baeckerei-reichau.de\\\/#\\\/schema\\\/logo\\\/image\\\/\"}}]}<\/script>\n<!-- \/ Yoast SEO plugin. -->","yoast_head_json":{"title":"Br\u00f6tchen - B\u00e4ckerei Reichau","robots":{"index":"index","follow":"follow","max-snippet":"max-snippet:-1","max-image-preview":"max-image-preview:large","max-video-preview":"max-video-preview:-1"},"canonical":"https:\/\/www.baeckerei-reichau.de\/index.php\/produkte\/broetchen","og_locale":"de_DE","og_type":"article","og_title":"Br\u00f6tchen - B\u00e4ckerei Reichau","og_description":"[vc_row][vc_column][vc_column_text] Br\u00f6tchen [\/vc_column_text][\/vc_column][\/vc_row][vc_row][vc_column width=&#8220;1\/3&#8243;][vc_column_text] Dinkelbaguette [\/vc_column_text][vc_single_image image=&#8220;181&#8243; img_size=&#8220;full&#8220; alignment=&#8220;center&#8220;][vc_tta_accordion][vc_tta_section title=&#8220;Inhaltsstoffe&#8220; tab_id=&#8220;1666279553813-16940806-c2b2&#8243;][vc_column_text]Dinkelmehl (90%), Dinkelvollkornmehl (10%), Sonnenblumenkerne, Hefe, Wasser, Salz Allergene: Dinkel-Gluten[\/vc_column_text][\/vc_tta_section][\/vc_tta_accordion][\/vc_column][vc_column...","og_url":"https:\/\/www.baeckerei-reichau.de\/index.php\/produkte\/broetchen","og_site_name":"B\u00e4ckerei Reichau","article_modified_time":"2022-10-20T15:42:34+00:00","twitter_card":"summary_large_image","twitter_misc":{"Gesch\u00e4tzte Lesezeit":"5\u00a0Minuten"},"schema":{"@context":"https:\/\/schema.org","@graph":[{"@type":"WebPage","@id":"https:\/\/www.baeckerei-reichau.de\/index.php\/produkte\/broetchen","url":"https:\/\/www.baeckerei-reichau.de\/index.php\/produkte\/broetchen","name":"Br\u00f6tchen - B\u00e4ckerei Reichau","isPartOf":{"@id":"https:\/\/www.baeckerei-reichau.de\/#website"},"datePublished":"2018-03-21T12:29:36+00:00","dateModified":"2022-10-20T15:42:34+00:00","breadcrumb":{"@id":"https:\/\/www.baeckerei-reichau.de\/index.php\/produkte\/broetchen#breadcrumb"},"inLanguage":"de","potentialAction":[{"@type":"ReadAction","target":["https:\/\/www.baeckerei-reichau.de\/index.php\/produkte\/broetchen"]}]},{"@type":"BreadcrumbList","@id":"https:\/\/www.baeckerei-reichau.de\/index.php\/produkte\/broetchen#breadcrumb","itemListElement":[{"@type":"ListItem","position":1,"name":"Startseite","item":"https:\/\/www.baeckerei-reichau.de\/"},{"@type":"ListItem","position":2,"name":"Produkte","item":"https:\/\/www.baeckerei-reichau.de\/index.php\/produkte"},{"@type":"ListItem","position":3,"name":"Br\u00f6tchen"}]},{"@type":"WebSite","@id":"https:\/\/www.baeckerei-reichau.de\/#website","url":"https:\/\/www.baeckerei-reichau.de\/","name":"B\u00e4ckerei Reichau","description":"","publisher":{"@id":"https:\/\/www.baeckerei-reichau.de\/#organization"},"potentialAction":[{"@type":"SearchAction","target":{"@type":"EntryPoint","urlTemplate":"https:\/\/www.baeckerei-reichau.de\/?s={search_term_string}"},"query-input":{"@type":"PropertyValueSpecification","valueRequired":true,"valueName":"search_term_string"}}],"inLanguage":"de"},{"@type":"Organization","@id":"https:\/\/www.baeckerei-reichau.de\/#organization","name":"B\u00e4ckerei Reichau","url":"https:\/\/www.baeckerei-reichau.de\/","logo":{"@type":"ImageObject","inLanguage":"de","@id":"https:\/\/www.baeckerei-reichau.de\/#\/schema\/logo\/image\/","url":"https:\/\/www.baeckerei-reichau.de\/wp-content\/uploads\/2022\/08\/cropped-reichau_brezel-200x200-1.jpg","contentUrl":"https:\/\/www.baeckerei-reichau.de\/wp-content\/uploads\/2022\/08\/cropped-reichau_brezel-200x200-1.jpg","width":512,"height":512,"caption":"B\u00e4ckerei Reichau"},"image":{"@id":"https:\/\/www.baeckerei-reichau.de\/#\/schema\/logo\/image\/"}}]}},"_links":{"self":[{"href":"https:\/\/www.baeckerei-reichau.de\/index.php\/wp-json\/wp\/v2\/pages\/68","targetHints":{"allow":["GET"]}}],"collection":[{"href":"https:\/\/www.baeckerei-reichau.de\/index.php\/wp-json\/wp\/v2\/pages"}],"about":[{"href":"https:\/\/www.baeckerei-reichau.de\/index.php\/wp-json\/wp\/v2\/types\/page"}],"author":[{"embeddable":true,"href":"https:\/\/www.baeckerei-reichau.de\/index.php\/wp-json\/wp\/v2\/users\/1"}],"replies":[{"embeddable":true,"href":"https:\/\/www.baeckerei-reichau.de\/index.php\/wp-json\/wp\/v2\/comments?post=68"}],"version-history":[{"count":0,"href":"https:\/\/www.baeckerei-reichau.de\/index.php\/wp-json\/wp\/v2\/pages\/68\/revisions"}],"up":[{"embeddable":true,"href":"https:\/\/www.baeckerei-reichau.de\/index.php\/wp-json\/wp\/v2\/pages\/30"}],"wp:attachment":[{"href":"https:\/\/www.baeckerei-reichau.de\/index.php\/wp-json\/wp\/v2\/media?parent=68"}],"curies":[{"name":"wp","href":"https:\/\/api.w.org\/{rel}","templated":true}]}}