{"id":30,"date":"2018-03-20T11:45:41","date_gmt":"2018-03-20T10:45:41","guid":{"rendered":"http:\/\/www.baeckerei-reichau.de\/?page_id=30"},"modified":"2026-03-23T09:40:47","modified_gmt":"2026-03-23T08:40:47","slug":"produkte","status":"publish","type":"page","link":"https:\/\/www.baeckerei-reichau.de\/index.php\/produkte","title":{"rendered":"Produkte"},"content":{"rendered":"<div class=\"wpb-content-wrapper\"><p>[vc_row][vc_column][vc_column_text]<\/p>\n<h1 style=\"text-align: center;\">Unsere Produkte<\/h1>\n<p>[\/vc_column_text][\/vc_column][\/vc_row][vc_row][vc_column width=&#8220;1\/2&#8243;][vc_hoverbox image=&#8220;38&#8243; primary_title=&#8220;Brot&#8220; hover_title=&#8220;&#8220;]<a href=\"https:\/\/www.baeckerei-reichau.de\/index.php\/produkte\/brot\">Ganz oder geschnitten, in den Filialen der B\u00e4ckerei bekommt jeder sein Brot, wie er es mag und vor allem auch welches er mag. Vom klassischen Mischbrot bis hin zum gesunden Brot hergestellt aus dem Urkorn.<\/a>[\/vc_hoverbox][\/vc_column][vc_column width=&#8220;1\/2&#8243;][vc_hoverbox image=&#8220;37&#8243; primary_title=&#8220;Br\u00f6tchen&#8220; hover_title=&#8220;&#8220;]<a href=\"https:\/\/www.baeckerei-reichau.de\/index.php\/produkte\/broetchen\">Helle oder dunkle Br\u00f6tchen, mit K\u00f6rnern oder ohne &#8211; bei Reichau pr\u00e4sentieren die Mitarbeiter den Kunden eine vielf\u00e4ltige Auswahl, die jedes Fr\u00fchst\u00fcck zu einem Genuss werden lassen.<\/a>[\/vc_hoverbox][\/vc_column][\/vc_row][vc_row][vc_column width=&#8220;1\/2&#8243;][vc_hoverbox image=&#8220;39&#8243; primary_title=&#8220;Kuchen&#8220; hover_title=&#8220;&#8220;]Die Kunden der B\u00e4ckerei lieben den Kuchen, den J\u00f6rg Reichau und sein Team in der Grambiner Backstube auf die Bleche zaubern. Bienenstich, Streusel- und Mohnkuchen sind beliebte Klassiker, zu denen auch die Streuselschnecke geh\u00f6rt.[\/vc_hoverbox][\/vc_column][vc_column width=&#8220;1\/2&#8243;][vc_hoverbox image=&#8220;40&#8243; primary_title=&#8220;Torten&#8220; hover_title=&#8220;&#8220; hover_btn_title=&#8220;Zu den Torten&#8220; hover_add_button=&#8220;true&#8220; hover_btn_link=&#8220;url:https%3A%2F%2Fwww.baeckerei-reichau.de%2Findex.php%2Fprodukte%2Ftorten&#8220;]Egal, ob Quarksahne-, K\u00e4se-, unterschiedlichste Frucht- oder Cremetorten, der s\u00fc\u00dfe Genuss ist garantiert selbst hergestellt in der B\u00e4ckerei Reichau. Torten f\u00fcr jeden Anlass k\u00f6nnen auf Wunsch bestellt werden.[\/vc_hoverbox][\/vc_column][\/vc_row]<\/p>\n<\/div>","protected":false},"excerpt":{"rendered":"<p>[vc_row][vc_column][vc_column_text] Unsere Produkte [\/vc_column_text][\/vc_column][\/vc_row][vc_row][vc_column width=&#8220;1\/2&#8243;][vc_hoverbox image=&#8220;38&#8243; primary_title=&#8220;Brot&#8220; hover_title=&#8220;&#8220;]Ganz oder geschnitten, in den Filialen der B\u00e4ckerei bekommt jeder sein Brot, wie&#8230;<\/p>\n","protected":false},"author":1,"featured_media":0,"parent":0,"menu_order":0,"comment_status":"closed","ping_status":"closed","template":"","meta":{"footnotes":""},"class_list":["post-30","page","type-page","status-publish"],"yoast_head":"<!-- This site is optimized with the Yoast SEO plugin v27.4 - https:\/\/yoast.com\/product\/yoast-seo-wordpress\/ -->\n<title>Produkte - B\u00e4ckerei Reichau<\/title>\n<meta name=\"robots\" content=\"index, follow, max-snippet:-1, max-image-preview:large, max-video-preview:-1\" \/>\n<link rel=\"canonical\" href=\"https:\/\/www.baeckerei-reichau.de\/index.php\/produkte\" \/>\n<meta property=\"og:locale\" content=\"de_DE\" \/>\n<meta property=\"og:type\" content=\"article\" \/>\n<meta property=\"og:title\" content=\"Produkte - B\u00e4ckerei Reichau\" \/>\n<meta property=\"og:description\" content=\"[vc_row][vc_column][vc_column_text] Unsere Produkte [\/vc_column_text][\/vc_column][\/vc_row][vc_row][vc_column width=&#8220;1\/2&#8243;][vc_hoverbox image=&#8220;38&#8243; primary_title=&#8220;Brot&#8220; hover_title=&#8220;&#8220;]Ganz oder geschnitten, in den Filialen der B\u00e4ckerei bekommt jeder sein Brot, wie...\" \/>\n<meta property=\"og:url\" content=\"https:\/\/www.baeckerei-reichau.de\/index.php\/produkte\" \/>\n<meta property=\"og:site_name\" content=\"B\u00e4ckerei Reichau\" \/>\n<meta property=\"article:modified_time\" content=\"2026-03-23T08:40:47+00:00\" \/>\n<meta name=\"twitter:card\" content=\"summary_large_image\" \/>\n<meta name=\"twitter:label1\" content=\"Gesch\u00e4tzte Lesezeit\" \/>\n\t<meta name=\"twitter:data1\" content=\"2\u00a0Minuten\" \/>\n<script type=\"application\/ld+json\" class=\"yoast-schema-graph\">{\"@context\":\"https:\\\/\\\/schema.org\",\"@graph\":[{\"@type\":\"WebPage\",\"@id\":\"https:\\\/\\\/www.baeckerei-reichau.de\\\/index.php\\\/produkte\",\"url\":\"https:\\\/\\\/www.baeckerei-reichau.de\\\/index.php\\\/produkte\",\"name\":\"Produkte - B\u00e4ckerei Reichau\",\"isPartOf\":{\"@id\":\"https:\\\/\\\/www.baeckerei-reichau.de\\\/#website\"},\"datePublished\":\"2018-03-20T10:45:41+00:00\",\"dateModified\":\"2026-03-23T08:40:47+00:00\",\"breadcrumb\":{\"@id\":\"https:\\\/\\\/www.baeckerei-reichau.de\\\/index.php\\\/produkte#breadcrumb\"},\"inLanguage\":\"de\",\"potentialAction\":[{\"@type\":\"ReadAction\",\"target\":[\"https:\\\/\\\/www.baeckerei-reichau.de\\\/index.php\\\/produkte\"]}]},{\"@type\":\"BreadcrumbList\",\"@id\":\"https:\\\/\\\/www.baeckerei-reichau.de\\\/index.php\\\/produkte#breadcrumb\",\"itemListElement\":[{\"@type\":\"ListItem\",\"position\":1,\"name\":\"Startseite\",\"item\":\"https:\\\/\\\/www.baeckerei-reichau.de\\\/\"},{\"@type\":\"ListItem\",\"position\":2,\"name\":\"Produkte\"}]},{\"@type\":\"WebSite\",\"@id\":\"https:\\\/\\\/www.baeckerei-reichau.de\\\/#website\",\"url\":\"https:\\\/\\\/www.baeckerei-reichau.de\\\/\",\"name\":\"B\u00e4ckerei Reichau\",\"description\":\"\",\"publisher\":{\"@id\":\"https:\\\/\\\/www.baeckerei-reichau.de\\\/#organization\"},\"potentialAction\":[{\"@type\":\"SearchAction\",\"target\":{\"@type\":\"EntryPoint\",\"urlTemplate\":\"https:\\\/\\\/www.baeckerei-reichau.de\\\/?s={search_term_string}\"},\"query-input\":{\"@type\":\"PropertyValueSpecification\",\"valueRequired\":true,\"valueName\":\"search_term_string\"}}],\"inLanguage\":\"de\"},{\"@type\":\"Organization\",\"@id\":\"https:\\\/\\\/www.baeckerei-reichau.de\\\/#organization\",\"name\":\"B\u00e4ckerei Reichau\",\"url\":\"https:\\\/\\\/www.baeckerei-reichau.de\\\/\",\"logo\":{\"@type\":\"ImageObject\",\"inLanguage\":\"de\",\"@id\":\"https:\\\/\\\/www.baeckerei-reichau.de\\\/#\\\/schema\\\/logo\\\/image\\\/\",\"url\":\"https:\\\/\\\/www.baeckerei-reichau.de\\\/wp-content\\\/uploads\\\/2022\\\/08\\\/cropped-reichau_brezel-200x200-1.jpg\",\"contentUrl\":\"https:\\\/\\\/www.baeckerei-reichau.de\\\/wp-content\\\/uploads\\\/2022\\\/08\\\/cropped-reichau_brezel-200x200-1.jpg\",\"width\":512,\"height\":512,\"caption\":\"B\u00e4ckerei Reichau\"},\"image\":{\"@id\":\"https:\\\/\\\/www.baeckerei-reichau.de\\\/#\\\/schema\\\/logo\\\/image\\\/\"}}]}<\/script>\n<!-- \/ Yoast SEO plugin. -->","yoast_head_json":{"title":"Produkte - B\u00e4ckerei Reichau","robots":{"index":"index","follow":"follow","max-snippet":"max-snippet:-1","max-image-preview":"max-image-preview:large","max-video-preview":"max-video-preview:-1"},"canonical":"https:\/\/www.baeckerei-reichau.de\/index.php\/produkte","og_locale":"de_DE","og_type":"article","og_title":"Produkte - B\u00e4ckerei Reichau","og_description":"[vc_row][vc_column][vc_column_text] Unsere Produkte [\/vc_column_text][\/vc_column][\/vc_row][vc_row][vc_column width=&#8220;1\/2&#8243;][vc_hoverbox image=&#8220;38&#8243; primary_title=&#8220;Brot&#8220; hover_title=&#8220;&#8220;]Ganz oder geschnitten, in den Filialen der B\u00e4ckerei bekommt jeder sein Brot, wie...","og_url":"https:\/\/www.baeckerei-reichau.de\/index.php\/produkte","og_site_name":"B\u00e4ckerei Reichau","article_modified_time":"2026-03-23T08:40:47+00:00","twitter_card":"summary_large_image","twitter_misc":{"Gesch\u00e4tzte Lesezeit":"2\u00a0Minuten"},"schema":{"@context":"https:\/\/schema.org","@graph":[{"@type":"WebPage","@id":"https:\/\/www.baeckerei-reichau.de\/index.php\/produkte","url":"https:\/\/www.baeckerei-reichau.de\/index.php\/produkte","name":"Produkte - B\u00e4ckerei Reichau","isPartOf":{"@id":"https:\/\/www.baeckerei-reichau.de\/#website"},"datePublished":"2018-03-20T10:45:41+00:00","dateModified":"2026-03-23T08:40:47+00:00","breadcrumb":{"@id":"https:\/\/www.baeckerei-reichau.de\/index.php\/produkte#breadcrumb"},"inLanguage":"de","potentialAction":[{"@type":"ReadAction","target":["https:\/\/www.baeckerei-reichau.de\/index.php\/produkte"]}]},{"@type":"BreadcrumbList","@id":"https:\/\/www.baeckerei-reichau.de\/index.php\/produkte#breadcrumb","itemListElement":[{"@type":"ListItem","position":1,"name":"Startseite","item":"https:\/\/www.baeckerei-reichau.de\/"},{"@type":"ListItem","position":2,"name":"Produkte"}]},{"@type":"WebSite","@id":"https:\/\/www.baeckerei-reichau.de\/#website","url":"https:\/\/www.baeckerei-reichau.de\/","name":"B\u00e4ckerei Reichau","description":"","publisher":{"@id":"https:\/\/www.baeckerei-reichau.de\/#organization"},"potentialAction":[{"@type":"SearchAction","target":{"@type":"EntryPoint","urlTemplate":"https:\/\/www.baeckerei-reichau.de\/?s={search_term_string}"},"query-input":{"@type":"PropertyValueSpecification","valueRequired":true,"valueName":"search_term_string"}}],"inLanguage":"de"},{"@type":"Organization","@id":"https:\/\/www.baeckerei-reichau.de\/#organization","name":"B\u00e4ckerei Reichau","url":"https:\/\/www.baeckerei-reichau.de\/","logo":{"@type":"ImageObject","inLanguage":"de","@id":"https:\/\/www.baeckerei-reichau.de\/#\/schema\/logo\/image\/","url":"https:\/\/www.baeckerei-reichau.de\/wp-content\/uploads\/2022\/08\/cropped-reichau_brezel-200x200-1.jpg","contentUrl":"https:\/\/www.baeckerei-reichau.de\/wp-content\/uploads\/2022\/08\/cropped-reichau_brezel-200x200-1.jpg","width":512,"height":512,"caption":"B\u00e4ckerei Reichau"},"image":{"@id":"https:\/\/www.baeckerei-reichau.de\/#\/schema\/logo\/image\/"}}]}},"_links":{"self":[{"href":"https:\/\/www.baeckerei-reichau.de\/index.php\/wp-json\/wp\/v2\/pages\/30","targetHints":{"allow":["GET"]}}],"collection":[{"href":"https:\/\/www.baeckerei-reichau.de\/index.php\/wp-json\/wp\/v2\/pages"}],"about":[{"href":"https:\/\/www.baeckerei-reichau.de\/index.php\/wp-json\/wp\/v2\/types\/page"}],"author":[{"embeddable":true,"href":"https:\/\/www.baeckerei-reichau.de\/index.php\/wp-json\/wp\/v2\/users\/1"}],"replies":[{"embeddable":true,"href":"https:\/\/www.baeckerei-reichau.de\/index.php\/wp-json\/wp\/v2\/comments?post=30"}],"version-history":[{"count":2,"href":"https:\/\/www.baeckerei-reichau.de\/index.php\/wp-json\/wp\/v2\/pages\/30\/revisions"}],"predecessor-version":[{"id":635,"href":"https:\/\/www.baeckerei-reichau.de\/index.php\/wp-json\/wp\/v2\/pages\/30\/revisions\/635"}],"wp:attachment":[{"href":"https:\/\/www.baeckerei-reichau.de\/index.php\/wp-json\/wp\/v2\/media?parent=30"}],"curies":[{"name":"wp","href":"https:\/\/api.w.org\/{rel}","templated":true}]}}