{"id":24,"date":"2018-03-20T11:43:02","date_gmt":"2018-03-20T10:43:02","guid":{"rendered":"http:\/\/www.baeckerei-reichau.de\/?page_id=24"},"modified":"2023-09-12T15:15:08","modified_gmt":"2023-09-12T13:15:08","slug":"tradition","status":"publish","type":"page","link":"https:\/\/www.baeckerei-reichau.de\/index.php\/tradition","title":{"rendered":"Tradition"},"content":{"rendered":"<div class=\"wpb-content-wrapper\"><p>[vc_row][vc_column][vc_column_text]<\/p>\n<h1 style=\"text-align: center;\">Pommersche Backkultur seit 1888<\/h1>\n<p>[\/vc_column_text][\/vc_column][\/vc_row][vc_row][vc_column width=&#8220;1\/3&#8243;][vc_single_image image=&#8220;418&#8243; img_size=&#8220;full&#8220; alignment=&#8220;center&#8220;][vc_single_image image=&#8220;145&#8243; img_size=&#8220;full&#8220; alignment=&#8220;center&#8220;][vc_single_image image=&#8220;170&#8243; img_size=&#8220;full&#8220; alignment=&#8220;center&#8220;][vc_single_image image=&#8220;169&#8243; img_size=&#8220;full&#8220; alignment=&#8220;center&#8220;][vc_single_image image=&#8220;144&#8243; img_size=&#8220;full&#8220; alignment=&#8220;center&#8220;][\/vc_column][vc_column width=&#8220;2\/3&#8243;][vc_column_text]Vor 130 Jahren kam Urgro\u00dfvater Rudolf Reichau &#8211; Jahrgang 1863 &#8211; als Wandergeselle in eine B\u00e4ckerei im Nachbarort M\u00f6nkebude. Der in Bromberg (heute Bydgoszcz) Geborene verlor sein Herz an Minna B\u00f6hm, eine Lehrerstochter aus Grambin. Das Fischerdorf mit etwa 500 Einwohnern liegt auf einer schmalen Landzunge zwischen dem Stettiner Haff und dem Fluss Zarow. Als das erste Kind geboren war, baute Rudolf Reichau auf B\u00fcdnerland der Dorfschaft Grambin &#8211; am heutigen Standort des Familienbetriebes &#8211; ein Wohnhaus mit Backstube und Verkaufsraum.<\/p>\n<p>Am 1. Oktober 1888 startete der 25-J\u00e4hrige einen Mischbetrieb aus B\u00e4ckerei und Kolonialwarenhandel sowie Landwirtschaft mit K\u00fchen, Schweinen, Schafen und Weideland. 1895 kostete ein Grambiner Landbrot 50 Pfennig.<\/p>\n<p>Nach einigen Jahren starb Minna Reichau. Ihre j\u00fcngere Schwester trat an Rudolfs Seite. Sie f\u00fchrte die B\u00e4ckerei nach dessen Tod mit ein oder zwei Gesellen \u00fcber den Ersten Weltkrieg und die Weltwirtschaftskrise 1929 hinaus.<\/p>\n<p>Am 1. April 1939 \u00fcbernahm Fritz Reichau &#8211; Jahrgang 1906 &#8211; das gut gehende Gesch\u00e4ft. Es war damals eine von drei B\u00e4ckereien in Grambin. Die Reichaus lieferten zu jener Zeit bereits ihre Backwaren per Pferdewagen in Ueckerm\u00fcnde aus. Nachdem der Gesch\u00e4ftsinhaber zur Wehrmacht aufgrund des Zweiten Weltkrieges eingezogen wurde, sorgte Ehefrau Meta f\u00fcr den erfolgreichen Weitergang der B\u00e4ckerei. Als ihr Mann in den 1960er Jahren erkrankte, \u00fcbernahm Rudolf Reichau &#8211; Jahrgang 1937 &#8211; mit Ehefrau Dora die B\u00e4ckerei.<\/p>\n<p>Wir k\u00f6nnen uns noch gut erinnern, wie schwierig damals ein Familienhandwerksbetrieb am Leben zu erhalten war: \u201eWir bekamen weniger Rohstoffe, als wir brauchten. St\u00e4ndig bildeten sich Schlangen vor unserem Laden in der Dorfstra\u00dfe. Die Kunden brachten eingewecktes Obst f\u00fcr die Torten, die wir backen sollten, ins Gesch\u00e4ft. Nur durch gro\u00dfe Anstrengungen schafften es Rudolf und Dora Reichau, den Familienbetrieb zu DDR-Zeiten aufrecht zu erhalten.\u201c<\/p>\n<p>Nach der Wende erlernte J\u00f6rg Reichau 1990 &#8211; 1992 den B\u00e4ckerberuf in Berlin, verbesserte anschlie\u00dfend seine Kenntnisse und Fertigkeiten durch das Lernen in verschiedenen Gro\u00dfb\u00e4ckereien in der Hauptstadt und kehrte 1995 in den elterlichen Betrieb nach Grambin zur\u00fcck. Nach der Meisterausbildung an der B\u00e4ckerfachschule Dresden schlug J\u00f6rg Reichau am 1. April 1998 als vierter Chef in der Unternehmensgeschichte ein neues Kapitel auf und \u00fcbernahm zusammen mit seiner Ehefrau Marlies die B\u00e4ckerei. Investitionen in die Produktionsst\u00e4tte standen dringend an und so wurde 1998 bis 1999 die Backproduktion rekonstruiert, die Backfl\u00e4che verdoppelt und ein Mehlsilo sowie andere Neuerungen angeschafft. Heutzutage ist es wichtig, sich den st\u00e4ndig wechselnden Marktsituationen anzupassen, flexibel und innovativ zu sein, sowie einen guten Draht zu seinen Kunden zu haben.[\/vc_column_text][vc_row_inner][vc_column_inner]<div class=\"gem-video gem-wrapbox gem-wrapbox-style-no-style rounded-corners gem-wrapbox-position-below\" style=\"width: 100%;\"><div class=\"gem-wrapbox-inner video-block gem-ratio-style\" style=\"padding-top: 56.25%\"><video width=\"100%\" height=\"100%\" controls=\"controls\" src=\"https:\/\/www.baeckerei-reichau.de\/wp-content\/uploads\/2022\/10\/WhatsApp-Video-2022-10-18-at-10.23.29-1-1.mp4\"  preload=\"none\"><\/video><\/div><\/div>[\/vc_column_inner][\/vc_row_inner][\/vc_column][\/vc_row][vc_row][vc_column][vc_empty_space height=&#8220;50px&#8220;][vc_column_text]<\/p>\n<h2 style=\"text-align: center;\">Fr\u00fchjahr 2018<\/h2>\n<p>[\/vc_column_text][\/vc_column][\/vc_row][vc_row][vc_column][vc_single_image image=&#8220;267&#8243; img_size=&#8220;full&#8220; onclick=&#8220;link_image&#8220;][\/vc_column][\/vc_row]<\/p>\n<\/div>","protected":false},"excerpt":{"rendered":"<p>[vc_row][vc_column][vc_column_text] Pommersche Backkultur seit 1888 [\/vc_column_text][\/vc_column][\/vc_row][vc_row][vc_column width=&#8220;1\/3&#8243;][vc_single_image image=&#8220;418&#8243; img_size=&#8220;full&#8220; alignment=&#8220;center&#8220;][vc_single_image image=&#8220;145&#8243; img_size=&#8220;full&#8220; alignment=&#8220;center&#8220;][vc_single_image image=&#8220;170&#8243; img_size=&#8220;full&#8220; alignment=&#8220;center&#8220;][vc_single_image image=&#8220;169&#8243; img_size=&#8220;full&#8220; alignment=&#8220;center&#8220;][vc_single_image image=&#8220;144&#8243;&#8230;<\/p>\n","protected":false},"author":1,"featured_media":0,"parent":0,"menu_order":0,"comment_status":"closed","ping_status":"closed","template":"","meta":{"footnotes":""},"class_list":["post-24","page","type-page","status-publish"],"yoast_head":"<!-- This site is optimized with the Yoast SEO plugin v27.4 - https:\/\/yoast.com\/product\/yoast-seo-wordpress\/ -->\n<title>Tradition - B\u00e4ckerei Reichau<\/title>\n<meta name=\"robots\" content=\"index, follow, max-snippet:-1, max-image-preview:large, max-video-preview:-1\" \/>\n<link rel=\"canonical\" href=\"https:\/\/www.baeckerei-reichau.de\/index.php\/tradition\" \/>\n<meta property=\"og:locale\" content=\"de_DE\" \/>\n<meta property=\"og:type\" content=\"article\" \/>\n<meta property=\"og:title\" content=\"Tradition - B\u00e4ckerei Reichau\" \/>\n<meta property=\"og:description\" content=\"[vc_row][vc_column][vc_column_text] Pommersche Backkultur seit 1888 [\/vc_column_text][\/vc_column][\/vc_row][vc_row][vc_column width=&#8220;1\/3&#8243;][vc_single_image image=&#8220;418&#8243; img_size=&#8220;full&#8220; alignment=&#8220;center&#8220;][vc_single_image image=&#8220;145&#8243; img_size=&#8220;full&#8220; alignment=&#8220;center&#8220;][vc_single_image image=&#8220;170&#8243; img_size=&#8220;full&#8220; alignment=&#8220;center&#8220;][vc_single_image image=&#8220;169&#8243; img_size=&#8220;full&#8220; alignment=&#8220;center&#8220;][vc_single_image image=&#8220;144&#8243;...\" \/>\n<meta property=\"og:url\" content=\"https:\/\/www.baeckerei-reichau.de\/index.php\/tradition\" \/>\n<meta property=\"og:site_name\" content=\"B\u00e4ckerei Reichau\" \/>\n<meta property=\"article:modified_time\" content=\"2023-09-12T13:15:08+00:00\" \/>\n<meta name=\"twitter:card\" content=\"summary_large_image\" \/>\n<meta name=\"twitter:label1\" content=\"Gesch\u00e4tzte Lesezeit\" \/>\n\t<meta name=\"twitter:data1\" content=\"3\u00a0Minuten\" \/>\n<script type=\"application\/ld+json\" class=\"yoast-schema-graph\">{\"@context\":\"https:\\\/\\\/schema.org\",\"@graph\":[{\"@type\":\"WebPage\",\"@id\":\"https:\\\/\\\/www.baeckerei-reichau.de\\\/index.php\\\/tradition\",\"url\":\"https:\\\/\\\/www.baeckerei-reichau.de\\\/index.php\\\/tradition\",\"name\":\"Tradition - B\u00e4ckerei Reichau\",\"isPartOf\":{\"@id\":\"https:\\\/\\\/www.baeckerei-reichau.de\\\/#website\"},\"datePublished\":\"2018-03-20T10:43:02+00:00\",\"dateModified\":\"2023-09-12T13:15:08+00:00\",\"breadcrumb\":{\"@id\":\"https:\\\/\\\/www.baeckerei-reichau.de\\\/index.php\\\/tradition#breadcrumb\"},\"inLanguage\":\"de\",\"potentialAction\":[{\"@type\":\"ReadAction\",\"target\":[\"https:\\\/\\\/www.baeckerei-reichau.de\\\/index.php\\\/tradition\"]}]},{\"@type\":\"BreadcrumbList\",\"@id\":\"https:\\\/\\\/www.baeckerei-reichau.de\\\/index.php\\\/tradition#breadcrumb\",\"itemListElement\":[{\"@type\":\"ListItem\",\"position\":1,\"name\":\"Startseite\",\"item\":\"https:\\\/\\\/www.baeckerei-reichau.de\\\/\"},{\"@type\":\"ListItem\",\"position\":2,\"name\":\"Tradition\"}]},{\"@type\":\"WebSite\",\"@id\":\"https:\\\/\\\/www.baeckerei-reichau.de\\\/#website\",\"url\":\"https:\\\/\\\/www.baeckerei-reichau.de\\\/\",\"name\":\"B\u00e4ckerei Reichau\",\"description\":\"\",\"publisher\":{\"@id\":\"https:\\\/\\\/www.baeckerei-reichau.de\\\/#organization\"},\"potentialAction\":[{\"@type\":\"SearchAction\",\"target\":{\"@type\":\"EntryPoint\",\"urlTemplate\":\"https:\\\/\\\/www.baeckerei-reichau.de\\\/?s={search_term_string}\"},\"query-input\":{\"@type\":\"PropertyValueSpecification\",\"valueRequired\":true,\"valueName\":\"search_term_string\"}}],\"inLanguage\":\"de\"},{\"@type\":\"Organization\",\"@id\":\"https:\\\/\\\/www.baeckerei-reichau.de\\\/#organization\",\"name\":\"B\u00e4ckerei Reichau\",\"url\":\"https:\\\/\\\/www.baeckerei-reichau.de\\\/\",\"logo\":{\"@type\":\"ImageObject\",\"inLanguage\":\"de\",\"@id\":\"https:\\\/\\\/www.baeckerei-reichau.de\\\/#\\\/schema\\\/logo\\\/image\\\/\",\"url\":\"https:\\\/\\\/www.baeckerei-reichau.de\\\/wp-content\\\/uploads\\\/2022\\\/08\\\/cropped-reichau_brezel-200x200-1.jpg\",\"contentUrl\":\"https:\\\/\\\/www.baeckerei-reichau.de\\\/wp-content\\\/uploads\\\/2022\\\/08\\\/cropped-reichau_brezel-200x200-1.jpg\",\"width\":512,\"height\":512,\"caption\":\"B\u00e4ckerei Reichau\"},\"image\":{\"@id\":\"https:\\\/\\\/www.baeckerei-reichau.de\\\/#\\\/schema\\\/logo\\\/image\\\/\"}}]}<\/script>\n<!-- \/ Yoast SEO plugin. -->","yoast_head_json":{"title":"Tradition - B\u00e4ckerei Reichau","robots":{"index":"index","follow":"follow","max-snippet":"max-snippet:-1","max-image-preview":"max-image-preview:large","max-video-preview":"max-video-preview:-1"},"canonical":"https:\/\/www.baeckerei-reichau.de\/index.php\/tradition","og_locale":"de_DE","og_type":"article","og_title":"Tradition - B\u00e4ckerei Reichau","og_description":"[vc_row][vc_column][vc_column_text] Pommersche Backkultur seit 1888 [\/vc_column_text][\/vc_column][\/vc_row][vc_row][vc_column width=&#8220;1\/3&#8243;][vc_single_image image=&#8220;418&#8243; img_size=&#8220;full&#8220; alignment=&#8220;center&#8220;][vc_single_image image=&#8220;145&#8243; img_size=&#8220;full&#8220; alignment=&#8220;center&#8220;][vc_single_image image=&#8220;170&#8243; img_size=&#8220;full&#8220; alignment=&#8220;center&#8220;][vc_single_image image=&#8220;169&#8243; img_size=&#8220;full&#8220; alignment=&#8220;center&#8220;][vc_single_image image=&#8220;144&#8243;...","og_url":"https:\/\/www.baeckerei-reichau.de\/index.php\/tradition","og_site_name":"B\u00e4ckerei Reichau","article_modified_time":"2023-09-12T13:15:08+00:00","twitter_card":"summary_large_image","twitter_misc":{"Gesch\u00e4tzte Lesezeit":"3\u00a0Minuten"},"schema":{"@context":"https:\/\/schema.org","@graph":[{"@type":"WebPage","@id":"https:\/\/www.baeckerei-reichau.de\/index.php\/tradition","url":"https:\/\/www.baeckerei-reichau.de\/index.php\/tradition","name":"Tradition - B\u00e4ckerei Reichau","isPartOf":{"@id":"https:\/\/www.baeckerei-reichau.de\/#website"},"datePublished":"2018-03-20T10:43:02+00:00","dateModified":"2023-09-12T13:15:08+00:00","breadcrumb":{"@id":"https:\/\/www.baeckerei-reichau.de\/index.php\/tradition#breadcrumb"},"inLanguage":"de","potentialAction":[{"@type":"ReadAction","target":["https:\/\/www.baeckerei-reichau.de\/index.php\/tradition"]}]},{"@type":"BreadcrumbList","@id":"https:\/\/www.baeckerei-reichau.de\/index.php\/tradition#breadcrumb","itemListElement":[{"@type":"ListItem","position":1,"name":"Startseite","item":"https:\/\/www.baeckerei-reichau.de\/"},{"@type":"ListItem","position":2,"name":"Tradition"}]},{"@type":"WebSite","@id":"https:\/\/www.baeckerei-reichau.de\/#website","url":"https:\/\/www.baeckerei-reichau.de\/","name":"B\u00e4ckerei Reichau","description":"","publisher":{"@id":"https:\/\/www.baeckerei-reichau.de\/#organization"},"potentialAction":[{"@type":"SearchAction","target":{"@type":"EntryPoint","urlTemplate":"https:\/\/www.baeckerei-reichau.de\/?s={search_term_string}"},"query-input":{"@type":"PropertyValueSpecification","valueRequired":true,"valueName":"search_term_string"}}],"inLanguage":"de"},{"@type":"Organization","@id":"https:\/\/www.baeckerei-reichau.de\/#organization","name":"B\u00e4ckerei Reichau","url":"https:\/\/www.baeckerei-reichau.de\/","logo":{"@type":"ImageObject","inLanguage":"de","@id":"https:\/\/www.baeckerei-reichau.de\/#\/schema\/logo\/image\/","url":"https:\/\/www.baeckerei-reichau.de\/wp-content\/uploads\/2022\/08\/cropped-reichau_brezel-200x200-1.jpg","contentUrl":"https:\/\/www.baeckerei-reichau.de\/wp-content\/uploads\/2022\/08\/cropped-reichau_brezel-200x200-1.jpg","width":512,"height":512,"caption":"B\u00e4ckerei Reichau"},"image":{"@id":"https:\/\/www.baeckerei-reichau.de\/#\/schema\/logo\/image\/"}}]}},"_links":{"self":[{"href":"https:\/\/www.baeckerei-reichau.de\/index.php\/wp-json\/wp\/v2\/pages\/24","targetHints":{"allow":["GET"]}}],"collection":[{"href":"https:\/\/www.baeckerei-reichau.de\/index.php\/wp-json\/wp\/v2\/pages"}],"about":[{"href":"https:\/\/www.baeckerei-reichau.de\/index.php\/wp-json\/wp\/v2\/types\/page"}],"author":[{"embeddable":true,"href":"https:\/\/www.baeckerei-reichau.de\/index.php\/wp-json\/wp\/v2\/users\/1"}],"replies":[{"embeddable":true,"href":"https:\/\/www.baeckerei-reichau.de\/index.php\/wp-json\/wp\/v2\/comments?post=24"}],"version-history":[{"count":0,"href":"https:\/\/www.baeckerei-reichau.de\/index.php\/wp-json\/wp\/v2\/pages\/24\/revisions"}],"wp:attachment":[{"href":"https:\/\/www.baeckerei-reichau.de\/index.php\/wp-json\/wp\/v2\/media?parent=24"}],"curies":[{"name":"wp","href":"https:\/\/api.w.org\/{rel}","templated":true}]}}